{"id":1865,"date":"2022-03-22T07:53:08","date_gmt":"2022-03-22T07:53:08","guid":{"rendered":"https:\/\/naomisalome.com\/?page_id=1865"},"modified":"2026-01-13T23:35:42","modified_gmt":"2026-01-13T23:35:42","slug":"multimedia-coaching","status":"publish","type":"page","link":"https:\/\/naomisalome.com\/en\/multimedia-coaching\/","title":{"rendered":"Multimedia Coaching"},"content":{"rendered":"<div data-elementor-type=\"wp-page\" data-elementor-id=\"1865\" class=\"elementor elementor-1865\">\n\t\t\t\t\t\t<section class=\"elementor-section elementor-top-section elementor-element elementor-element-0e4b04e elementor-section-boxed elementor-section-height-default elementor-section-height-default\" data-id=\"0e4b04e\" data-element_type=\"section\" data-e-type=\"section\">\n\t\t\t\t\t\t<div class=\"elementor-container elementor-column-gap-default\">\n\t\t\t\t\t<div class=\"elementor-column elementor-col-100 elementor-top-column elementor-element elementor-element-7f3205d\" data-id=\"7f3205d\" data-element_type=\"column\" data-e-type=\"column\">\n\t\t\t<div class=\"elementor-widget-wrap elementor-element-populated\">\n\t\t\t\t\t\t<div class=\"elementor-element elementor-element-9aa1a48 elementor-widget elementor-widget-heading\" data-id=\"9aa1a48\" data-element_type=\"widget\" data-e-type=\"widget\" data-widget_type=\"heading.default\">\n\t\t\t\t<div class=\"elementor-widget-container\">\n\t\t\t\t\t<h1 class=\"elementor-heading-title elementor-size-default\">Multimediales Coaching<\/h1>\t\t\t\t<\/div>\n\t\t\t\t<\/div>\n\t\t\t\t<div class=\"elementor-element elementor-element-cdb1b9d elementor-widget elementor-widget-spacer\" data-id=\"cdb1b9d\" data-element_type=\"widget\" data-e-type=\"widget\" data-widget_type=\"spacer.default\">\n\t\t\t\t<div class=\"elementor-widget-container\">\n\t\t\t\t\t\t\t<div class=\"elementor-spacer\">\n\t\t\t<div class=\"elementor-spacer-inner\"><\/div>\n\t\t<\/div>\n\t\t\t\t\t\t<\/div>\n\t\t\t\t<\/div>\n\t\t\t\t\t<\/div>\n\t\t<\/div>\n\t\t\t\t\t<\/div>\n\t\t<\/section>\n\t\t\t\t<section class=\"elementor-section elementor-top-section elementor-element elementor-element-eca686e elementor-section-boxed elementor-section-height-default elementor-section-height-default\" data-id=\"eca686e\" data-element_type=\"section\" data-e-type=\"section\">\n\t\t\t\t\t\t<div class=\"elementor-container elementor-column-gap-default\">\n\t\t\t\t\t<div class=\"elementor-column elementor-col-50 elementor-top-column elementor-element elementor-element-a516010\" data-id=\"a516010\" data-element_type=\"column\" data-e-type=\"column\">\n\t\t\t<div class=\"elementor-widget-wrap elementor-element-populated\">\n\t\t\t\t\t\t<div class=\"elementor-element elementor-element-aa18cf6 elementor-widget elementor-widget-image\" data-id=\"aa18cf6\" data-element_type=\"widget\" data-e-type=\"widget\" data-widget_type=\"image.default\">\n\t\t\t\t<div class=\"elementor-widget-container\">\n\t\t\t\t\t\t\t\t\t\t\t\t\t\t\t<img fetchpriority=\"high\" decoding=\"async\" width=\"900\" height=\"601\" src=\"https:\/\/naomisalome.com\/wp-content\/uploads\/2023\/08\/pexels-pnw-production-9218706-1024x684.jpg\" class=\"attachment-large size-large wp-image-3253\" alt=\"\" srcset=\"https:\/\/naomisalome.com\/wp-content\/uploads\/2023\/08\/pexels-pnw-production-9218706-1024x684.jpg 1024w, https:\/\/naomisalome.com\/wp-content\/uploads\/2023\/08\/pexels-pnw-production-9218706-300x200.jpg 300w, https:\/\/naomisalome.com\/wp-content\/uploads\/2023\/08\/pexels-pnw-production-9218706-768x513.jpg 768w, https:\/\/naomisalome.com\/wp-content\/uploads\/2023\/08\/pexels-pnw-production-9218706-1536x1025.jpg 1536w, https:\/\/naomisalome.com\/wp-content\/uploads\/2023\/08\/pexels-pnw-production-9218706-2048x1367.jpg 2048w, https:\/\/naomisalome.com\/wp-content\/uploads\/2023\/08\/pexels-pnw-production-9218706-1200x801.jpg 1200w\" sizes=\"(max-width: 900px) 100vw, 900px\" \/>\t\t\t\t\t\t\t\t\t\t\t\t\t\t\t<\/div>\n\t\t\t\t<\/div>\n\t\t\t\t\t<\/div>\n\t\t<\/div>\n\t\t\t\t<div class=\"elementor-column elementor-col-50 elementor-top-column elementor-element elementor-element-f9af602\" data-id=\"f9af602\" data-element_type=\"column\" data-e-type=\"column\">\n\t\t\t<div class=\"elementor-widget-wrap elementor-element-populated\">\n\t\t\t\t\t\t<div class=\"elementor-element elementor-element-4c7b32c elementor-widget elementor-widget-text-editor\" data-id=\"4c7b32c\" data-element_type=\"widget\" data-e-type=\"widget\" data-widget_type=\"text-editor.default\">\n\t\t\t\t<div class=\"elementor-widget-container\">\n\t\t\t\t\t\t\t\t\t<h3>Finde Orientierung im digitalen Dschungel: Lerne, wie Du Deinen Webauftritt aufbauen oder optimieren kannst.\u00a0<\/h3>\t\t\t\t\t\t\t\t<\/div>\n\t\t\t\t<\/div>\n\t\t\t\t<div class=\"elementor-element elementor-element-4c4b330 elementor-widget elementor-widget-text-editor\" data-id=\"4c4b330\" data-element_type=\"widget\" data-e-type=\"widget\" data-widget_type=\"text-editor.default\">\n\t\t\t\t<div class=\"elementor-widget-container\">\n\t\t\t\t\t\t\t\t\t<p>Als Multimedia Producerin kann ich Dich rundum den digitalen Dschungel beraten. Melde Dich f\u00fcr ein Coaching rund um Deinen digitalen Auftritt. Dabei spielt es keine Rolle, wo Du aktuell stehst. Gemeinsam schaffen wir uns einen \u00dcberblick, finden passende Kan\u00e4le und optimieren diese, die Du bereits nutzt.\u00a0<\/p><ul><li>Social Media Konzepte<\/li><li>Bild und Text Optimierungen<\/li><li>Optimierung Webseite<\/li><li>Beratung f\u00fcr (Bild-)Sprache<\/li><li>Zielgruppen- und Angebotsdefinition<\/li><\/ul>\t\t\t\t\t\t\t\t<\/div>\n\t\t\t\t<\/div>\n\t\t\t\t\t<\/div>\n\t\t<\/div>\n\t\t\t\t\t<\/div>\n\t\t<\/section>\n\t\t\t\t<section class=\"elementor-section elementor-top-section elementor-element elementor-element-cf8108f elementor-section-boxed elementor-section-height-default elementor-section-height-default\" data-id=\"cf8108f\" data-element_type=\"section\" data-e-type=\"section\">\n\t\t\t\t\t\t<div class=\"elementor-container elementor-column-gap-default\">\n\t\t\t\t\t<div class=\"elementor-column elementor-col-100 elementor-top-column elementor-element elementor-element-3b9f280\" data-id=\"3b9f280\" data-element_type=\"column\" data-e-type=\"column\">\n\t\t\t<div class=\"elementor-widget-wrap elementor-element-populated\">\n\t\t\t\t\t\t<div class=\"elementor-element elementor-element-e7d477e elementor-widget elementor-widget-text-editor\" data-id=\"e7d477e\" data-element_type=\"widget\" data-e-type=\"widget\" data-widget_type=\"text-editor.default\">\n\t\t\t\t<div class=\"elementor-widget-container\">\n\t\t\t\t\t\t\t\t\t<blockquote><h5 style=\"text-align: center;\"><strong>&#171;Social Media kann Segen oder Fluch sein &#8211; nutze die passenden Kan\u00e4le f\u00fcr Dein Business &#8211; aber eben auch f\u00fcr Dich.&#187;<\/strong><\/h5><\/blockquote>\t\t\t\t\t\t\t\t<\/div>\n\t\t\t\t<\/div>\n\t\t\t\t\t<\/div>\n\t\t<\/div>\n\t\t\t\t\t<\/div>\n\t\t<\/section>\n\t\t\t\t<section class=\"elementor-section elementor-top-section elementor-element elementor-element-99f7b51 elementor-section-content-middle elementor-section-boxed elementor-section-height-default elementor-section-height-default\" data-id=\"99f7b51\" data-element_type=\"section\" data-e-type=\"section\">\n\t\t\t\t\t\t<div class=\"elementor-container elementor-column-gap-default\">\n\t\t\t\t\t<div class=\"elementor-column elementor-col-50 elementor-top-column elementor-element elementor-element-7a2c1a9\" data-id=\"7a2c1a9\" data-element_type=\"column\" data-e-type=\"column\">\n\t\t\t<div class=\"elementor-widget-wrap elementor-element-populated\">\n\t\t\t\t\t\t<div class=\"elementor-element elementor-element-a52a108 elementor-widget elementor-widget-text-editor\" data-id=\"a52a108\" data-element_type=\"widget\" data-e-type=\"widget\" data-widget_type=\"text-editor.default\">\n\t\t\t\t<div class=\"elementor-widget-container\">\n\t\t\t\t\t\t\t\t\t<h5>Terminvereinbarung<\/h5><p>Die Gespr\u00e4che finden online statt \u2013 via Telefon oder Google Meets. Melde Dich gerne mit einem Wunschdatum bei mir. Dies ist nur eine Anfrage, genaueres Datum schauen wir an.<\/p><p>Naomi: +41 79 338 47 52 | hello@naomisalome.com<\/p><p>Kosten: 140.- Fr. pro Sitzung (ca. 1.30h)<\/p>\t\t\t\t\t\t\t\t<\/div>\n\t\t\t\t<\/div>\n\t\t\t\t\t<\/div>\n\t\t<\/div>\n\t\t\t\t<div class=\"elementor-column elementor-col-50 elementor-top-column elementor-element elementor-element-d693de1\" data-id=\"d693de1\" data-element_type=\"column\" data-e-type=\"column\">\n\t\t\t<div class=\"elementor-widget-wrap elementor-element-populated\">\n\t\t\t\t\t\t<div class=\"elementor-element elementor-element-7662640 elementor-widget elementor-widget-form\" data-id=\"7662640\" data-element_type=\"widget\" data-e-type=\"widget\" data-widget_type=\"form.default\">\n\t\t\t\t<div class=\"elementor-widget-container\">\n\t\t\t\t\t \t\t\t\t<\/div>\n\t\t\t\t<\/div>\n\t\t\t\t\t<\/div>\n\t\t<\/div>\n\t\t\t\t\t<\/div>\n\t\t<\/section>\n\t\t\t\t<\/div>","protected":false},"excerpt":{"rendered":"<p>Multimediales Coaching Finde Orientierung im digitalen Dschungel: Lerne, wie Du Deinen Webauftritt aufbauen oder optimieren kannst.\u00a0 Als Multimedia Producerin kann ich Dich rundum den digitalen Dschungel beraten. Melde Dich f\u00fcr ein Coaching rund um Deinen digitalen Auftritt. Dabei spielt es keine Rolle, wo Du aktuell stehst. Gemeinsam schaffen wir uns einen \u00dcberblick, finden passende Kan\u00e4le [&hellip;]<\/p>\n","protected":false},"author":1,"featured_media":0,"parent":0,"menu_order":0,"comment_status":"closed","ping_status":"closed","template":"","meta":{"footnotes":""},"class_list":{"0":"post-1865","1":"page","2":"type-page","3":"status-publish","4":"hentry","5":"","6":"blog-alt-layout","7":"blog-style-postblock","9":"blog-alt-odd"},"yoast_head":"<!-- This site is optimized with the Yoast SEO plugin v27.6 - https:\/\/yoast.com\/product\/yoast-seo-wordpress\/ -->\n<title>Multimedia Coaching - Naomi Salom\u00e9<\/title>\n<meta name=\"description\" content=\"Finde Orientierung im digitalen Jungle: Gerne zeige ich Dir, wie Du Deinen Webauftritt auf diversen Plattformen optimal nutzen kannst.\" \/>\n<meta name=\"robots\" content=\"index, follow, max-snippet:-1, max-image-preview:large, max-video-preview:-1\" \/>\n<link rel=\"canonical\" href=\"https:\/\/naomisalome.com\/en\/multimedia-coaching\/\" \/>\n<meta property=\"og:locale\" content=\"en_GB\" \/>\n<meta property=\"og:type\" content=\"article\" \/>\n<meta property=\"og:title\" content=\"Multimedia Coaching - Naomi Salom\u00e9\" \/>\n<meta property=\"og:description\" content=\"Finde Orientierung im digitalen Jungle: Gerne zeige ich Dir, wie Du Deinen Webauftritt auf diversen Plattformen optimal nutzen kannst.\" \/>\n<meta property=\"og:url\" content=\"https:\/\/naomisalome.com\/en\/multimedia-coaching\/\" \/>\n<meta property=\"og:site_name\" content=\"Naomi Salom\u00e9\" \/>\n<meta property=\"article:modified_time\" content=\"2026-01-13T23:35:42+00:00\" \/>\n<meta property=\"og:image\" content=\"https:\/\/naomisalome.com\/wp-content\/uploads\/2023\/08\/pexels-pnw-production-9218706-scaled.jpg\" \/>\n\t<meta property=\"og:image:width\" content=\"2560\" \/>\n\t<meta property=\"og:image:height\" content=\"1709\" \/>\n\t<meta property=\"og:image:type\" content=\"image\/jpeg\" \/>\n<meta name=\"twitter:card\" content=\"summary_large_image\" \/>\n<meta name=\"twitter:label1\" content=\"Estimated reading time\" \/>\n\t<meta name=\"twitter:data1\" content=\"1 minute\" \/>\n<script type=\"application\/ld+json\" class=\"yoast-schema-graph\">{\"@context\":\"https:\\\/\\\/schema.org\",\"@graph\":[{\"@type\":\"WebPage\",\"@id\":\"https:\\\/\\\/naomisalome.com\\\/multimedia-coaching\\\/\",\"url\":\"https:\\\/\\\/naomisalome.com\\\/multimedia-coaching\\\/\",\"name\":\"Multimedia Coaching - Naomi Salom\u00e9\",\"isPartOf\":{\"@id\":\"https:\\\/\\\/naomisalome.com\\\/#website\"},\"primaryImageOfPage\":{\"@id\":\"https:\\\/\\\/naomisalome.com\\\/multimedia-coaching\\\/#primaryimage\"},\"image\":{\"@id\":\"https:\\\/\\\/naomisalome.com\\\/multimedia-coaching\\\/#primaryimage\"},\"thumbnailUrl\":\"https:\\\/\\\/naomisalome.com\\\/wp-content\\\/uploads\\\/2023\\\/08\\\/pexels-pnw-production-9218706-1024x684.jpg\",\"datePublished\":\"2022-03-22T07:53:08+00:00\",\"dateModified\":\"2026-01-13T23:35:42+00:00\",\"description\":\"Finde Orientierung im digitalen Jungle: Gerne zeige ich Dir, wie Du Deinen Webauftritt auf diversen Plattformen optimal nutzen kannst.\",\"breadcrumb\":{\"@id\":\"https:\\\/\\\/naomisalome.com\\\/multimedia-coaching\\\/#breadcrumb\"},\"inLanguage\":\"en-GB\",\"potentialAction\":[{\"@type\":\"ReadAction\",\"target\":[\"https:\\\/\\\/naomisalome.com\\\/multimedia-coaching\\\/\"]}]},{\"@type\":\"ImageObject\",\"inLanguage\":\"en-GB\",\"@id\":\"https:\\\/\\\/naomisalome.com\\\/multimedia-coaching\\\/#primaryimage\",\"url\":\"https:\\\/\\\/naomisalome.com\\\/wp-content\\\/uploads\\\/2023\\\/08\\\/pexels-pnw-production-9218706-1024x684.jpg\",\"contentUrl\":\"https:\\\/\\\/naomisalome.com\\\/wp-content\\\/uploads\\\/2023\\\/08\\\/pexels-pnw-production-9218706-1024x684.jpg\"},{\"@type\":\"BreadcrumbList\",\"@id\":\"https:\\\/\\\/naomisalome.com\\\/multimedia-coaching\\\/#breadcrumb\",\"itemListElement\":[{\"@type\":\"ListItem\",\"position\":1,\"name\":\"Startseite\",\"item\":\"https:\\\/\\\/naomisalome.com\\\/\"},{\"@type\":\"ListItem\",\"position\":2,\"name\":\"Multimedia Coaching\"}]},{\"@type\":\"WebSite\",\"@id\":\"https:\\\/\\\/naomisalome.com\\\/#website\",\"url\":\"https:\\\/\\\/naomisalome.com\\\/\",\"name\":\"Naomi Salom\u00e9\",\"description\":\"Begleitung\",\"publisher\":{\"@id\":\"https:\\\/\\\/naomisalome.com\\\/#organization\"},\"potentialAction\":[{\"@type\":\"SearchAction\",\"target\":{\"@type\":\"EntryPoint\",\"urlTemplate\":\"https:\\\/\\\/naomisalome.com\\\/?s={search_term_string}\"},\"query-input\":{\"@type\":\"PropertyValueSpecification\",\"valueRequired\":true,\"valueName\":\"search_term_string\"}}],\"inLanguage\":\"en-GB\"},{\"@type\":\"Organization\",\"@id\":\"https:\\\/\\\/naomisalome.com\\\/#organization\",\"name\":\"Naomi Salom\u00e9\",\"url\":\"https:\\\/\\\/naomisalome.com\\\/\",\"logo\":{\"@type\":\"ImageObject\",\"inLanguage\":\"en-GB\",\"@id\":\"https:\\\/\\\/naomisalome.com\\\/#\\\/schema\\\/logo\\\/image\\\/\",\"url\":\"https:\\\/\\\/naomisalome.com\\\/wp-content\\\/uploads\\\/2025\\\/03\\\/cropped-cropped-cropped-Naomi-Salome.png\",\"contentUrl\":\"https:\\\/\\\/naomisalome.com\\\/wp-content\\\/uploads\\\/2025\\\/03\\\/cropped-cropped-cropped-Naomi-Salome.png\",\"width\":268,\"height\":271,\"caption\":\"Naomi Salom\u00e9\"},\"image\":{\"@id\":\"https:\\\/\\\/naomisalome.com\\\/#\\\/schema\\\/logo\\\/image\\\/\"}}]}<\/script>\n<!-- \/ Yoast SEO plugin. -->","yoast_head_json":{"title":"Multimedia Coaching - Naomi Salom\u00e9","description":"Finde Orientierung im digitalen Jungle: Gerne zeige ich Dir, wie Du Deinen Webauftritt auf diversen Plattformen optimal nutzen kannst.","robots":{"index":"index","follow":"follow","max-snippet":"max-snippet:-1","max-image-preview":"max-image-preview:large","max-video-preview":"max-video-preview:-1"},"canonical":"https:\/\/naomisalome.com\/en\/multimedia-coaching\/","og_locale":"en_GB","og_type":"article","og_title":"Multimedia Coaching - Naomi Salom\u00e9","og_description":"Finde Orientierung im digitalen Jungle: Gerne zeige ich Dir, wie Du Deinen Webauftritt auf diversen Plattformen optimal nutzen kannst.","og_url":"https:\/\/naomisalome.com\/en\/multimedia-coaching\/","og_site_name":"Naomi Salom\u00e9","article_modified_time":"2026-01-13T23:35:42+00:00","og_image":[{"width":2560,"height":1709,"url":"https:\/\/naomisalome.com\/wp-content\/uploads\/2023\/08\/pexels-pnw-production-9218706-scaled.jpg","type":"image\/jpeg"}],"twitter_card":"summary_large_image","twitter_misc":{"Estimated reading time":"1 minute"},"schema":{"@context":"https:\/\/schema.org","@graph":[{"@type":"WebPage","@id":"https:\/\/naomisalome.com\/multimedia-coaching\/","url":"https:\/\/naomisalome.com\/multimedia-coaching\/","name":"Multimedia Coaching - Naomi Salom\u00e9","isPartOf":{"@id":"https:\/\/naomisalome.com\/#website"},"primaryImageOfPage":{"@id":"https:\/\/naomisalome.com\/multimedia-coaching\/#primaryimage"},"image":{"@id":"https:\/\/naomisalome.com\/multimedia-coaching\/#primaryimage"},"thumbnailUrl":"https:\/\/naomisalome.com\/wp-content\/uploads\/2023\/08\/pexels-pnw-production-9218706-1024x684.jpg","datePublished":"2022-03-22T07:53:08+00:00","dateModified":"2026-01-13T23:35:42+00:00","description":"Finde Orientierung im digitalen Jungle: Gerne zeige ich Dir, wie Du Deinen Webauftritt auf diversen Plattformen optimal nutzen kannst.","breadcrumb":{"@id":"https:\/\/naomisalome.com\/multimedia-coaching\/#breadcrumb"},"inLanguage":"en-GB","potentialAction":[{"@type":"ReadAction","target":["https:\/\/naomisalome.com\/multimedia-coaching\/"]}]},{"@type":"ImageObject","inLanguage":"en-GB","@id":"https:\/\/naomisalome.com\/multimedia-coaching\/#primaryimage","url":"https:\/\/naomisalome.com\/wp-content\/uploads\/2023\/08\/pexels-pnw-production-9218706-1024x684.jpg","contentUrl":"https:\/\/naomisalome.com\/wp-content\/uploads\/2023\/08\/pexels-pnw-production-9218706-1024x684.jpg"},{"@type":"BreadcrumbList","@id":"https:\/\/naomisalome.com\/multimedia-coaching\/#breadcrumb","itemListElement":[{"@type":"ListItem","position":1,"name":"Startseite","item":"https:\/\/naomisalome.com\/"},{"@type":"ListItem","position":2,"name":"Multimedia Coaching"}]},{"@type":"WebSite","@id":"https:\/\/naomisalome.com\/#website","url":"https:\/\/naomisalome.com\/","name":"Naomi Salom\u00e9","description":"Begleitung","publisher":{"@id":"https:\/\/naomisalome.com\/#organization"},"potentialAction":[{"@type":"SearchAction","target":{"@type":"EntryPoint","urlTemplate":"https:\/\/naomisalome.com\/?s={search_term_string}"},"query-input":{"@type":"PropertyValueSpecification","valueRequired":true,"valueName":"search_term_string"}}],"inLanguage":"en-GB"},{"@type":"Organization","@id":"https:\/\/naomisalome.com\/#organization","name":"Naomi Salom\u00e9","url":"https:\/\/naomisalome.com\/","logo":{"@type":"ImageObject","inLanguage":"en-GB","@id":"https:\/\/naomisalome.com\/#\/schema\/logo\/image\/","url":"https:\/\/naomisalome.com\/wp-content\/uploads\/2025\/03\/cropped-cropped-cropped-Naomi-Salome.png","contentUrl":"https:\/\/naomisalome.com\/wp-content\/uploads\/2025\/03\/cropped-cropped-cropped-Naomi-Salome.png","width":268,"height":271,"caption":"Naomi Salom\u00e9"},"image":{"@id":"https:\/\/naomisalome.com\/#\/schema\/logo\/image\/"}}]}},"_links":{"self":[{"href":"https:\/\/naomisalome.com\/en\/wp-json\/wp\/v2\/pages\/1865","targetHints":{"allow":["GET"]}}],"collection":[{"href":"https:\/\/naomisalome.com\/en\/wp-json\/wp\/v2\/pages"}],"about":[{"href":"https:\/\/naomisalome.com\/en\/wp-json\/wp\/v2\/types\/page"}],"author":[{"embeddable":true,"href":"https:\/\/naomisalome.com\/en\/wp-json\/wp\/v2\/users\/1"}],"replies":[{"embeddable":true,"href":"https:\/\/naomisalome.com\/en\/wp-json\/wp\/v2\/comments?post=1865"}],"version-history":[{"count":38,"href":"https:\/\/naomisalome.com\/en\/wp-json\/wp\/v2\/pages\/1865\/revisions"}],"predecessor-version":[{"id":4500,"href":"https:\/\/naomisalome.com\/en\/wp-json\/wp\/v2\/pages\/1865\/revisions\/4500"}],"wp:attachment":[{"href":"https:\/\/naomisalome.com\/en\/wp-json\/wp\/v2\/media?parent=1865"}],"curies":[{"name":"wp","href":"https:\/\/api.w.org\/{rel}","templated":true}]}}