{"id":3911,"date":"2025-02-24T10:00:09","date_gmt":"2025-02-24T10:00:09","guid":{"rendered":"https:\/\/naomisalome.com\/?page_id=3911"},"modified":"2026-01-13T20:59:52","modified_gmt":"2026-01-13T20:59:52","slug":"programme","status":"publish","type":"page","link":"https:\/\/naomisalome.com\/en\/programme\/","title":{"rendered":"Programme"},"content":{"rendered":"<div data-elementor-type=\"wp-page\" data-elementor-id=\"3911\" class=\"elementor elementor-3911\" data-elementor-post-type=\"page\">\n\t\t\t\t\t\t<section class=\"elementor-section elementor-top-section elementor-element elementor-element-c60fb74 elementor-section-boxed elementor-section-height-default elementor-section-height-default\" data-id=\"c60fb74\" data-element_type=\"section\" data-e-type=\"section\">\n\t\t\t\t\t\t<div class=\"elementor-container elementor-column-gap-default\">\n\t\t\t\t\t<div class=\"elementor-column elementor-col-100 elementor-top-column elementor-element elementor-element-364326d\" data-id=\"364326d\" data-element_type=\"column\" data-e-type=\"column\">\n\t\t\t<div class=\"elementor-widget-wrap elementor-element-populated\">\n\t\t\t\t\t\t<div class=\"elementor-element elementor-element-0a1a6c8 elementor-widget elementor-widget-spacer\" data-id=\"0a1a6c8\" data-element_type=\"widget\" data-e-type=\"widget\" data-widget_type=\"spacer.default\">\n\t\t\t\t<div class=\"elementor-widget-container\">\n\t\t\t\t\t\t\t<div class=\"elementor-spacer\">\n\t\t\t<div class=\"elementor-spacer-inner\"><\/div>\n\t\t<\/div>\n\t\t\t\t\t\t<\/div>\n\t\t\t\t<\/div>\n\t\t\t\t\t<\/div>\n\t\t<\/div>\n\t\t\t\t\t<\/div>\n\t\t<\/section>\n\t\t\t\t<section class=\"elementor-section elementor-top-section elementor-element elementor-element-883ac6c elementor-section-boxed elementor-section-height-default elementor-section-height-default\" data-id=\"883ac6c\" data-element_type=\"section\" data-e-type=\"section\">\n\t\t\t\t\t\t<div class=\"elementor-container elementor-column-gap-default\">\n\t\t\t\t\t<div class=\"elementor-column elementor-col-100 elementor-top-column elementor-element elementor-element-4dae039\" data-id=\"4dae039\" data-element_type=\"column\" data-e-type=\"column\">\n\t\t\t<div class=\"elementor-widget-wrap elementor-element-populated\">\n\t\t\t\t\t\t<div class=\"elementor-element elementor-element-4dd34c8 elementor-widget elementor-widget-text-editor\" data-id=\"4dd34c8\" data-element_type=\"widget\" data-e-type=\"widget\" data-widget_type=\"text-editor.default\">\n\t\t\t\t<div class=\"elementor-widget-container\">\n\t\t\t\t\t\t\t\t\t<h2 style=\"text-align: center;\">Aktuelle Workshops und Kurse<\/h2>\t\t\t\t\t\t\t\t<\/div>\n\t\t\t\t<\/div>\n\t\t\t\t\t<\/div>\n\t\t<\/div>\n\t\t\t\t\t<\/div>\n\t\t<\/section>\n\t\t\t\t<section class=\"elementor-section elementor-top-section elementor-element elementor-element-139d17d elementor-section-boxed elementor-section-height-default elementor-section-height-default\" data-id=\"139d17d\" data-element_type=\"section\" data-e-type=\"section\">\n\t\t\t\t\t\t<div class=\"elementor-container elementor-column-gap-default\">\n\t\t\t\t\t<div class=\"elementor-column elementor-col-100 elementor-top-column elementor-element elementor-element-618d443\" data-id=\"618d443\" data-element_type=\"column\" data-e-type=\"column\">\n\t\t\t<div class=\"elementor-widget-wrap elementor-element-populated\">\n\t\t\t\t\t\t<div class=\"elementor-element elementor-element-29a7184 elementor-widget elementor-widget-text-editor\" data-id=\"29a7184\" data-element_type=\"widget\" data-e-type=\"widget\" data-widget_type=\"text-editor.default\">\n\t\t\t\t<div class=\"elementor-widget-container\">\n\t\t\t\t\t\t\t\t\t<h5 style=\"text-align: left;\">PERS\u00d6NLICHE ENTWICKLUNG<\/h5>\t\t\t\t\t\t\t\t<\/div>\n\t\t\t\t<\/div>\n\t\t\t\t\t<\/div>\n\t\t<\/div>\n\t\t\t\t\t<\/div>\n\t\t<\/section>\n\t\t\t\t<section class=\"elementor-section elementor-top-section elementor-element elementor-element-9610840 elementor-section-boxed elementor-section-height-default elementor-section-height-default\" data-id=\"9610840\" data-element_type=\"section\" data-e-type=\"section\">\n\t\t\t\t\t\t<div class=\"elementor-container elementor-column-gap-default\">\n\t\t\t\t\t<div class=\"elementor-column elementor-col-33 elementor-top-column elementor-element elementor-element-569fe3e\" data-id=\"569fe3e\" data-element_type=\"column\" data-e-type=\"column\">\n\t\t\t<div class=\"elementor-widget-wrap elementor-element-populated\">\n\t\t\t\t\t\t<div class=\"elementor-element elementor-element-e651977 elementor-widget elementor-widget-image\" data-id=\"e651977\" data-element_type=\"widget\" data-e-type=\"widget\" data-widget_type=\"image.default\">\n\t\t\t\t<div class=\"elementor-widget-container\">\n\t\t\t\t\t\t\t\t\t\t\t\t\t\t\t\t<a href=\"https:\/\/naomisalome.com\/en\/programm-panikattacken-anxiety\/\">\n\t\t\t\t\t\t\t<img fetchpriority=\"high\" decoding=\"async\" width=\"900\" height=\"900\" src=\"https:\/\/naomisalome.com\/wp-content\/uploads\/2025\/02\/2-1024x1024.png\" class=\"elementor-animation-shrink attachment-large size-large wp-image-3920\" alt=\"\" srcset=\"https:\/\/naomisalome.com\/wp-content\/uploads\/2025\/02\/2-1024x1024.png 1024w, https:\/\/naomisalome.com\/wp-content\/uploads\/2025\/02\/2-300x300.png 300w, https:\/\/naomisalome.com\/wp-content\/uploads\/2025\/02\/2-150x150.png 150w, https:\/\/naomisalome.com\/wp-content\/uploads\/2025\/02\/2-768x768.png 768w, https:\/\/naomisalome.com\/wp-content\/uploads\/2025\/02\/2.png 1080w\" sizes=\"(max-width: 900px) 100vw, 900px\" \/>\t\t\t\t\t\t\t\t<\/a>\n\t\t\t\t\t\t\t\t\t\t\t\t\t\t\t<\/div>\n\t\t\t\t<\/div>\n\t\t\t\t<div class=\"elementor-element elementor-element-18bd0aa elementor-widget elementor-widget-text-editor\" data-id=\"18bd0aa\" data-element_type=\"widget\" data-e-type=\"widget\" data-widget_type=\"text-editor.default\">\n\t\t\t\t<div class=\"elementor-widget-container\">\n\t\t\t\t\t\t\t\t\t<p style=\"text-align: center;\"><strong><a href=\"https:\/\/naomisalome.com\/en\/programm-panikattacken-anxiety\/\">Online Seminar: Panikattacken<\/a><\/strong><\/p>\t\t\t\t\t\t\t\t<\/div>\n\t\t\t\t<\/div>\n\t\t\t\t\t<\/div>\n\t\t<\/div>\n\t\t\t\t<div class=\"elementor-column elementor-col-33 elementor-top-column elementor-element elementor-element-9c03f52\" data-id=\"9c03f52\" data-element_type=\"column\" data-e-type=\"column\">\n\t\t\t<div class=\"elementor-widget-wrap\">\n\t\t\t\t\t\t\t<\/div>\n\t\t<\/div>\n\t\t\t\t<div class=\"elementor-column elementor-col-33 elementor-top-column elementor-element elementor-element-0498b62\" data-id=\"0498b62\" data-element_type=\"column\" data-e-type=\"column\">\n\t\t\t<div class=\"elementor-widget-wrap\">\n\t\t\t\t\t\t\t<\/div>\n\t\t<\/div>\n\t\t\t\t\t<\/div>\n\t\t<\/section>\n\t\t\t\t<section class=\"elementor-section elementor-top-section elementor-element elementor-element-49269bc elementor-section-boxed elementor-section-height-default elementor-section-height-default\" data-id=\"49269bc\" data-element_type=\"section\" data-e-type=\"section\">\n\t\t\t\t\t\t<div class=\"elementor-container elementor-column-gap-default\">\n\t\t\t\t\t<div class=\"elementor-column elementor-col-100 elementor-top-column elementor-element elementor-element-b1e6315\" data-id=\"b1e6315\" data-element_type=\"column\" data-e-type=\"column\">\n\t\t\t<div class=\"elementor-widget-wrap elementor-element-populated\">\n\t\t\t\t\t\t<div class=\"elementor-element elementor-element-1f9a046 elementor-widget elementor-widget-text-editor\" data-id=\"1f9a046\" data-element_type=\"widget\" data-e-type=\"widget\" data-widget_type=\"text-editor.default\">\n\t\t\t\t<div class=\"elementor-widget-container\">\n\t\t\t\t\t\t\t\t\t<h5 style=\"text-align: left;\">DIVERSES<\/h5>\t\t\t\t\t\t\t\t<\/div>\n\t\t\t\t<\/div>\n\t\t\t\t\t<\/div>\n\t\t<\/div>\n\t\t\t\t\t<\/div>\n\t\t<\/section>\n\t\t\t\t<section class=\"elementor-section elementor-top-section elementor-element elementor-element-6f3a548 elementor-section-boxed elementor-section-height-default elementor-section-height-default\" data-id=\"6f3a548\" data-element_type=\"section\" data-e-type=\"section\">\n\t\t\t\t\t\t<div class=\"elementor-container elementor-column-gap-default\">\n\t\t\t\t\t<div class=\"elementor-column elementor-col-33 elementor-top-column elementor-element elementor-element-11a7ba7\" data-id=\"11a7ba7\" data-element_type=\"column\" data-e-type=\"column\">\n\t\t\t<div class=\"elementor-widget-wrap elementor-element-populated\">\n\t\t\t\t\t\t<div class=\"elementor-element elementor-element-92cd692 elementor-widget elementor-widget-image\" data-id=\"92cd692\" data-element_type=\"widget\" data-e-type=\"widget\" data-widget_type=\"image.default\">\n\t\t\t\t<div class=\"elementor-widget-container\">\n\t\t\t\t\t\t\t\t\t\t\t\t\t\t\t\t<a href=\"https:\/\/naomisalome.com\/en\/dyi-programm-fur-selbstandige-marketing-und-mehr\/\">\n\t\t\t\t\t\t\t<img decoding=\"async\" width=\"900\" height=\"900\" src=\"https:\/\/naomisalome.com\/wp-content\/uploads\/2025\/02\/1-1024x1024.png\" class=\"elementor-animation-shrink attachment-large size-large wp-image-3921\" alt=\"\" srcset=\"https:\/\/naomisalome.com\/wp-content\/uploads\/2025\/02\/1-1024x1024.png 1024w, https:\/\/naomisalome.com\/wp-content\/uploads\/2025\/02\/1-300x300.png 300w, https:\/\/naomisalome.com\/wp-content\/uploads\/2025\/02\/1-150x150.png 150w, https:\/\/naomisalome.com\/wp-content\/uploads\/2025\/02\/1-768x768.png 768w, https:\/\/naomisalome.com\/wp-content\/uploads\/2025\/02\/1.png 1080w\" sizes=\"(max-width: 900px) 100vw, 900px\" \/>\t\t\t\t\t\t\t\t<\/a>\n\t\t\t\t\t\t\t\t\t\t\t\t\t\t\t<\/div>\n\t\t\t\t<\/div>\n\t\t\t\t\t<\/div>\n\t\t<\/div>\n\t\t\t\t<div class=\"elementor-column elementor-col-33 elementor-top-column elementor-element elementor-element-9f0a758\" data-id=\"9f0a758\" data-element_type=\"column\" data-e-type=\"column\">\n\t\t\t<div class=\"elementor-widget-wrap\">\n\t\t\t\t\t\t\t<\/div>\n\t\t<\/div>\n\t\t\t\t<div class=\"elementor-column elementor-col-33 elementor-top-column elementor-element elementor-element-500513c\" data-id=\"500513c\" data-element_type=\"column\" data-e-type=\"column\">\n\t\t\t<div class=\"elementor-widget-wrap\">\n\t\t\t\t\t\t\t<\/div>\n\t\t<\/div>\n\t\t\t\t\t<\/div>\n\t\t<\/section>\n\t\t\t\t<section class=\"elementor-section elementor-top-section elementor-element elementor-element-5720f87 elementor-section-boxed elementor-section-height-default elementor-section-height-default\" data-id=\"5720f87\" data-element_type=\"section\" data-e-type=\"section\">\n\t\t\t\t\t\t<div class=\"elementor-container elementor-column-gap-default\">\n\t\t\t\t\t<div class=\"elementor-column elementor-col-100 elementor-top-column elementor-element elementor-element-fbb627e\" data-id=\"fbb627e\" data-element_type=\"column\" data-e-type=\"column\">\n\t\t\t<div class=\"elementor-widget-wrap elementor-element-populated\">\n\t\t\t\t\t\t<div class=\"elementor-element elementor-element-4072d5c elementor-widget elementor-widget-spacer\" data-id=\"4072d5c\" data-element_type=\"widget\" data-e-type=\"widget\" data-widget_type=\"spacer.default\">\n\t\t\t\t<div class=\"elementor-widget-container\">\n\t\t\t\t\t\t\t<div class=\"elementor-spacer\">\n\t\t\t<div class=\"elementor-spacer-inner\"><\/div>\n\t\t<\/div>\n\t\t\t\t\t\t<\/div>\n\t\t\t\t<\/div>\n\t\t\t\t\t<\/div>\n\t\t<\/div>\n\t\t\t\t\t<\/div>\n\t\t<\/section>\n\t\t\t\t<\/div>","protected":false},"excerpt":{"rendered":"<p>Aktuelle Workshops und Kurse PERS\u00d6NLICHE ENTWICKLUNG Online Seminar: Panikattacken DIVERSES<\/p>","protected":false},"author":1,"featured_media":0,"parent":0,"menu_order":0,"comment_status":"closed","ping_status":"closed","template":"elementor_header_footer","meta":{"footnotes":""},"class_list":{"0":"post-3911","1":"page","2":"type-page","3":"status-publish","4":"hentry","5":"","6":"blog-alt-layout","7":"blog-style-postblock","9":"blog-alt-odd"},"yoast_head":"<!-- This site is optimized with the Yoast SEO plugin v27.3 - https:\/\/yoast.com\/product\/yoast-seo-wordpress\/ -->\n<title>Programme - Naomi Salom\u00e9<\/title>\n<meta name=\"description\" content=\"Finde die verschiedenen Coaching-Programme, die aktuell bei Naomi Salom\u00e9 am Laufen sind. F\u00fcr ein Vorankommen, miteinander.\" \/>\n<meta name=\"robots\" content=\"index, follow, max-snippet:-1, max-image-preview:large, max-video-preview:-1\" \/>\n<link rel=\"canonical\" href=\"https:\/\/naomisalome.com\/en\/programme\/\" \/>\n<meta property=\"og:locale\" content=\"en_GB\" \/>\n<meta property=\"og:type\" content=\"article\" \/>\n<meta property=\"og:title\" content=\"Programme - Naomi Salom\u00e9\" \/>\n<meta property=\"og:description\" content=\"Finde die verschiedenen Coaching-Programme, die aktuell bei Naomi Salom\u00e9 am Laufen sind. F\u00fcr ein Vorankommen, miteinander.\" \/>\n<meta property=\"og:url\" content=\"https:\/\/naomisalome.com\/en\/programme\/\" \/>\n<meta property=\"og:site_name\" content=\"Naomi Salom\u00e9\" \/>\n<meta property=\"article:modified_time\" content=\"2026-01-13T20:59:52+00:00\" \/>\n<meta property=\"og:image\" content=\"https:\/\/naomisalome.com\/wp-content\/uploads\/2025\/02\/2.png\" \/>\n\t<meta property=\"og:image:width\" content=\"1080\" \/>\n\t<meta property=\"og:image:height\" content=\"1080\" \/>\n\t<meta property=\"og:image:type\" content=\"image\/png\" \/>\n<meta name=\"twitter:card\" content=\"summary_large_image\" \/>\n<meta name=\"twitter:label1\" content=\"Estimated reading time\" \/>\n\t<meta name=\"twitter:data1\" content=\"1 minute\" \/>\n<script type=\"application\/ld+json\" class=\"yoast-schema-graph\">{\"@context\":\"https:\\\/\\\/schema.org\",\"@graph\":[{\"@type\":\"WebPage\",\"@id\":\"https:\\\/\\\/naomisalome.com\\\/programme\\\/\",\"url\":\"https:\\\/\\\/naomisalome.com\\\/programme\\\/\",\"name\":\"Programme - Naomi Salom\u00e9\",\"isPartOf\":{\"@id\":\"https:\\\/\\\/naomisalome.com\\\/#website\"},\"primaryImageOfPage\":{\"@id\":\"https:\\\/\\\/naomisalome.com\\\/programme\\\/#primaryimage\"},\"image\":{\"@id\":\"https:\\\/\\\/naomisalome.com\\\/programme\\\/#primaryimage\"},\"thumbnailUrl\":\"https:\\\/\\\/naomisalome.com\\\/wp-content\\\/uploads\\\/2025\\\/02\\\/2-1024x1024.png\",\"datePublished\":\"2025-02-24T10:00:09+00:00\",\"dateModified\":\"2026-01-13T20:59:52+00:00\",\"description\":\"Finde die verschiedenen Coaching-Programme, die aktuell bei Naomi Salom\u00e9 am Laufen sind. F\u00fcr ein Vorankommen, miteinander.\",\"breadcrumb\":{\"@id\":\"https:\\\/\\\/naomisalome.com\\\/programme\\\/#breadcrumb\"},\"inLanguage\":\"en-GB\",\"potentialAction\":[{\"@type\":\"ReadAction\",\"target\":[\"https:\\\/\\\/naomisalome.com\\\/programme\\\/\"]}]},{\"@type\":\"ImageObject\",\"inLanguage\":\"en-GB\",\"@id\":\"https:\\\/\\\/naomisalome.com\\\/programme\\\/#primaryimage\",\"url\":\"https:\\\/\\\/naomisalome.com\\\/wp-content\\\/uploads\\\/2025\\\/02\\\/2-1024x1024.png\",\"contentUrl\":\"https:\\\/\\\/naomisalome.com\\\/wp-content\\\/uploads\\\/2025\\\/02\\\/2-1024x1024.png\"},{\"@type\":\"BreadcrumbList\",\"@id\":\"https:\\\/\\\/naomisalome.com\\\/programme\\\/#breadcrumb\",\"itemListElement\":[{\"@type\":\"ListItem\",\"position\":1,\"name\":\"Startseite\",\"item\":\"https:\\\/\\\/naomisalome.com\\\/\"},{\"@type\":\"ListItem\",\"position\":2,\"name\":\"Programme\"}]},{\"@type\":\"WebSite\",\"@id\":\"https:\\\/\\\/naomisalome.com\\\/#website\",\"url\":\"https:\\\/\\\/naomisalome.com\\\/\",\"name\":\"Naomi Salom\u00e9\",\"description\":\"Begleitung\",\"publisher\":{\"@id\":\"https:\\\/\\\/naomisalome.com\\\/#organization\"},\"potentialAction\":[{\"@type\":\"SearchAction\",\"target\":{\"@type\":\"EntryPoint\",\"urlTemplate\":\"https:\\\/\\\/naomisalome.com\\\/?s={search_term_string}\"},\"query-input\":{\"@type\":\"PropertyValueSpecification\",\"valueRequired\":true,\"valueName\":\"search_term_string\"}}],\"inLanguage\":\"en-GB\"},{\"@type\":\"Organization\",\"@id\":\"https:\\\/\\\/naomisalome.com\\\/#organization\",\"name\":\"Naomi Salom\u00e9\",\"url\":\"https:\\\/\\\/naomisalome.com\\\/\",\"logo\":{\"@type\":\"ImageObject\",\"inLanguage\":\"en-GB\",\"@id\":\"https:\\\/\\\/naomisalome.com\\\/#\\\/schema\\\/logo\\\/image\\\/\",\"url\":\"https:\\\/\\\/naomisalome.com\\\/wp-content\\\/uploads\\\/2025\\\/03\\\/cropped-cropped-cropped-Naomi-Salome.png\",\"contentUrl\":\"https:\\\/\\\/naomisalome.com\\\/wp-content\\\/uploads\\\/2025\\\/03\\\/cropped-cropped-cropped-Naomi-Salome.png\",\"width\":268,\"height\":271,\"caption\":\"Naomi Salom\u00e9\"},\"image\":{\"@id\":\"https:\\\/\\\/naomisalome.com\\\/#\\\/schema\\\/logo\\\/image\\\/\"}}]}<\/script>\n<!-- \/ Yoast SEO plugin. -->","yoast_head_json":{"title":"Programme - Naomi Salom\u00e9","description":"Finde die verschiedenen Coaching-Programme, die aktuell bei Naomi Salom\u00e9 am Laufen sind. F\u00fcr ein Vorankommen, miteinander.","robots":{"index":"index","follow":"follow","max-snippet":"max-snippet:-1","max-image-preview":"max-image-preview:large","max-video-preview":"max-video-preview:-1"},"canonical":"https:\/\/naomisalome.com\/en\/programme\/","og_locale":"en_GB","og_type":"article","og_title":"Programme - Naomi Salom\u00e9","og_description":"Finde die verschiedenen Coaching-Programme, die aktuell bei Naomi Salom\u00e9 am Laufen sind. F\u00fcr ein Vorankommen, miteinander.","og_url":"https:\/\/naomisalome.com\/en\/programme\/","og_site_name":"Naomi Salom\u00e9","article_modified_time":"2026-01-13T20:59:52+00:00","og_image":[{"width":1080,"height":1080,"url":"https:\/\/naomisalome.com\/wp-content\/uploads\/2025\/02\/2.png","type":"image\/png"}],"twitter_card":"summary_large_image","twitter_misc":{"Estimated reading time":"1 minute"},"schema":{"@context":"https:\/\/schema.org","@graph":[{"@type":"WebPage","@id":"https:\/\/naomisalome.com\/programme\/","url":"https:\/\/naomisalome.com\/programme\/","name":"Programme - Naomi Salom\u00e9","isPartOf":{"@id":"https:\/\/naomisalome.com\/#website"},"primaryImageOfPage":{"@id":"https:\/\/naomisalome.com\/programme\/#primaryimage"},"image":{"@id":"https:\/\/naomisalome.com\/programme\/#primaryimage"},"thumbnailUrl":"https:\/\/naomisalome.com\/wp-content\/uploads\/2025\/02\/2-1024x1024.png","datePublished":"2025-02-24T10:00:09+00:00","dateModified":"2026-01-13T20:59:52+00:00","description":"Finde die verschiedenen Coaching-Programme, die aktuell bei Naomi Salom\u00e9 am Laufen sind. F\u00fcr ein Vorankommen, miteinander.","breadcrumb":{"@id":"https:\/\/naomisalome.com\/programme\/#breadcrumb"},"inLanguage":"en-GB","potentialAction":[{"@type":"ReadAction","target":["https:\/\/naomisalome.com\/programme\/"]}]},{"@type":"ImageObject","inLanguage":"en-GB","@id":"https:\/\/naomisalome.com\/programme\/#primaryimage","url":"https:\/\/naomisalome.com\/wp-content\/uploads\/2025\/02\/2-1024x1024.png","contentUrl":"https:\/\/naomisalome.com\/wp-content\/uploads\/2025\/02\/2-1024x1024.png"},{"@type":"BreadcrumbList","@id":"https:\/\/naomisalome.com\/programme\/#breadcrumb","itemListElement":[{"@type":"ListItem","position":1,"name":"Startseite","item":"https:\/\/naomisalome.com\/"},{"@type":"ListItem","position":2,"name":"Programme"}]},{"@type":"WebSite","@id":"https:\/\/naomisalome.com\/#website","url":"https:\/\/naomisalome.com\/","name":"Naomi Salom\u00e9","description":"Begleitung","publisher":{"@id":"https:\/\/naomisalome.com\/#organization"},"potentialAction":[{"@type":"SearchAction","target":{"@type":"EntryPoint","urlTemplate":"https:\/\/naomisalome.com\/?s={search_term_string}"},"query-input":{"@type":"PropertyValueSpecification","valueRequired":true,"valueName":"search_term_string"}}],"inLanguage":"en-GB"},{"@type":"Organization","@id":"https:\/\/naomisalome.com\/#organization","name":"Naomi Salom\u00e9","url":"https:\/\/naomisalome.com\/","logo":{"@type":"ImageObject","inLanguage":"en-GB","@id":"https:\/\/naomisalome.com\/#\/schema\/logo\/image\/","url":"https:\/\/naomisalome.com\/wp-content\/uploads\/2025\/03\/cropped-cropped-cropped-Naomi-Salome.png","contentUrl":"https:\/\/naomisalome.com\/wp-content\/uploads\/2025\/03\/cropped-cropped-cropped-Naomi-Salome.png","width":268,"height":271,"caption":"Naomi Salom\u00e9"},"image":{"@id":"https:\/\/naomisalome.com\/#\/schema\/logo\/image\/"}}]}},"_links":{"self":[{"href":"https:\/\/naomisalome.com\/en\/wp-json\/wp\/v2\/pages\/3911","targetHints":{"allow":["GET"]}}],"collection":[{"href":"https:\/\/naomisalome.com\/en\/wp-json\/wp\/v2\/pages"}],"about":[{"href":"https:\/\/naomisalome.com\/en\/wp-json\/wp\/v2\/types\/page"}],"author":[{"embeddable":true,"href":"https:\/\/naomisalome.com\/en\/wp-json\/wp\/v2\/users\/1"}],"replies":[{"embeddable":true,"href":"https:\/\/naomisalome.com\/en\/wp-json\/wp\/v2\/comments?post=3911"}],"version-history":[{"count":19,"href":"https:\/\/naomisalome.com\/en\/wp-json\/wp\/v2\/pages\/3911\/revisions"}],"predecessor-version":[{"id":4424,"href":"https:\/\/naomisalome.com\/en\/wp-json\/wp\/v2\/pages\/3911\/revisions\/4424"}],"wp:attachment":[{"href":"https:\/\/naomisalome.com\/en\/wp-json\/wp\/v2\/media?parent=3911"}],"curies":[{"name":"wp","href":"https:\/\/api.w.org\/{rel}","templated":true}]}}