{"id":4062,"date":"2025-04-03T05:38:42","date_gmt":"2025-04-03T05:38:42","guid":{"rendered":"https:\/\/naomisalome.com\/?page_id=4062"},"modified":"2026-01-13T23:34:18","modified_gmt":"2026-01-13T23:34:18","slug":"beratung","status":"publish","type":"page","link":"https:\/\/naomisalome.com\/en\/beratung\/","title":{"rendered":"Beratung"},"content":{"rendered":"<div data-elementor-type=\"wp-page\" data-elementor-id=\"4062\" class=\"elementor elementor-4062\" data-elementor-post-type=\"page\">\n\t\t\t\t\t\t<section class=\"elementor-section elementor-top-section elementor-element elementor-element-3ed08a0 elementor-section-boxed elementor-section-height-default elementor-section-height-default\" data-id=\"3ed08a0\" data-element_type=\"section\" data-e-type=\"section\">\n\t\t\t\t\t\t<div class=\"elementor-container elementor-column-gap-default\">\n\t\t\t\t\t<div class=\"elementor-column elementor-col-100 elementor-top-column elementor-element elementor-element-5a11c81\" data-id=\"5a11c81\" data-element_type=\"column\" data-e-type=\"column\">\n\t\t\t<div class=\"elementor-widget-wrap elementor-element-populated\">\n\t\t\t\t\t\t<div class=\"elementor-element elementor-element-f52cdd7 elementor-widget elementor-widget-spacer\" data-id=\"f52cdd7\" data-element_type=\"widget\" data-e-type=\"widget\" data-widget_type=\"spacer.default\">\n\t\t\t\t<div class=\"elementor-widget-container\">\n\t\t\t\t\t\t\t<div class=\"elementor-spacer\">\n\t\t\t<div class=\"elementor-spacer-inner\"><\/div>\n\t\t<\/div>\n\t\t\t\t\t\t<\/div>\n\t\t\t\t<\/div>\n\t\t\t\t<div class=\"elementor-element elementor-element-39ae258 elementor-widget elementor-widget-text-editor\" data-id=\"39ae258\" data-element_type=\"widget\" data-e-type=\"widget\" data-widget_type=\"text-editor.default\">\n\t\t\t\t<div class=\"elementor-widget-container\">\n\t\t\t\t\t\t\t\t\t<h1 style=\"text-align: center;\">Ganzheitliche Beratung<\/h1><p style=\"text-align: center;\">W\u00e4hle die Form der Beratung. Melde dich, falls du daf\u00fcr Hilfe brauchst.<\/p>\t\t\t\t\t\t\t\t<\/div>\n\t\t\t\t<\/div>\n\t\t\t\t\t<\/div>\n\t\t<\/div>\n\t\t\t\t\t<\/div>\n\t\t<\/section>\n\t\t\t\t<section class=\"elementor-section elementor-top-section elementor-element elementor-element-ad6f57b elementor-section-boxed elementor-section-height-default elementor-section-height-default\" data-id=\"ad6f57b\" data-element_type=\"section\" data-e-type=\"section\">\n\t\t\t\t\t\t<div class=\"elementor-container elementor-column-gap-default\">\n\t\t\t\t\t<div class=\"elementor-column elementor-col-33 elementor-top-column elementor-element elementor-element-0b3572a\" data-id=\"0b3572a\" data-element_type=\"column\" data-e-type=\"column\">\n\t\t\t<div class=\"elementor-widget-wrap elementor-element-populated\">\n\t\t\t\t\t\t<div class=\"elementor-element elementor-element-a4446a4 elementor-widget elementor-widget-image\" data-id=\"a4446a4\" data-element_type=\"widget\" data-e-type=\"widget\" data-widget_type=\"image.default\">\n\t\t\t\t<div class=\"elementor-widget-container\">\n\t\t\t\t\t\t\t\t\t\t\t\t\t\t\t\t<a href=\"https:\/\/naomisalome.com\/en\/familienstellen\/\">\n\t\t\t\t\t\t\t<img fetchpriority=\"high\" decoding=\"async\" width=\"900\" height=\"900\" src=\"https:\/\/naomisalome.com\/wp-content\/uploads\/2026\/01\/naomisalome-frames--1024x1024.png\" class=\"elementor-animation-shrink attachment-large size-large wp-image-4317\" alt=\"\" srcset=\"https:\/\/naomisalome.com\/wp-content\/uploads\/2026\/01\/naomisalome-frames--1024x1024.png 1024w, https:\/\/naomisalome.com\/wp-content\/uploads\/2026\/01\/naomisalome-frames--300x300.png 300w, https:\/\/naomisalome.com\/wp-content\/uploads\/2026\/01\/naomisalome-frames--150x150.png 150w, https:\/\/naomisalome.com\/wp-content\/uploads\/2026\/01\/naomisalome-frames--768x768.png 768w, https:\/\/naomisalome.com\/wp-content\/uploads\/2026\/01\/naomisalome-frames-.png 1080w\" sizes=\"(max-width: 900px) 100vw, 900px\" \/>\t\t\t\t\t\t\t\t<\/a>\n\t\t\t\t\t\t\t\t\t\t\t\t\t\t\t<\/div>\n\t\t\t\t<\/div>\n\t\t\t\t\t<\/div>\n\t\t<\/div>\n\t\t\t\t<div class=\"elementor-column elementor-col-33 elementor-top-column elementor-element elementor-element-69374cb\" data-id=\"69374cb\" data-element_type=\"column\" data-e-type=\"column\">\n\t\t\t<div class=\"elementor-widget-wrap elementor-element-populated\">\n\t\t\t\t\t\t<div class=\"elementor-element elementor-element-a1fb114 elementor-widget elementor-widget-image\" data-id=\"a1fb114\" data-element_type=\"widget\" data-e-type=\"widget\" data-widget_type=\"image.default\">\n\t\t\t\t<div class=\"elementor-widget-container\">\n\t\t\t\t\t\t\t\t\t\t\t\t\t\t\t\t<a href=\"https:\/\/naomisalome.com\/en\/holistic-coaching\/\">\n\t\t\t\t\t\t\t<img decoding=\"async\" width=\"900\" height=\"900\" src=\"https:\/\/naomisalome.com\/wp-content\/uploads\/2025\/04\/ganzheitliches-coaching-1024x1024.png\" class=\"elementor-animation-shrink attachment-large size-large wp-image-4082\" alt=\"\" srcset=\"https:\/\/naomisalome.com\/wp-content\/uploads\/2025\/04\/ganzheitliches-coaching-1024x1024.png 1024w, https:\/\/naomisalome.com\/wp-content\/uploads\/2025\/04\/ganzheitliches-coaching-300x300.png 300w, https:\/\/naomisalome.com\/wp-content\/uploads\/2025\/04\/ganzheitliches-coaching-150x150.png 150w, https:\/\/naomisalome.com\/wp-content\/uploads\/2025\/04\/ganzheitliches-coaching-768x768.png 768w, https:\/\/naomisalome.com\/wp-content\/uploads\/2025\/04\/ganzheitliches-coaching.png 1080w\" sizes=\"(max-width: 900px) 100vw, 900px\" \/>\t\t\t\t\t\t\t\t<\/a>\n\t\t\t\t\t\t\t\t\t\t\t\t\t\t\t<\/div>\n\t\t\t\t<\/div>\n\t\t\t\t\t<\/div>\n\t\t<\/div>\n\t\t\t\t<div class=\"elementor-column elementor-col-33 elementor-top-column elementor-element elementor-element-bab4d16\" data-id=\"bab4d16\" data-element_type=\"column\" data-e-type=\"column\">\n\t\t\t<div class=\"elementor-widget-wrap elementor-element-populated\">\n\t\t\t\t\t\t<div class=\"elementor-element elementor-element-4a77c0f elementor-widget elementor-widget-image\" data-id=\"4a77c0f\" data-element_type=\"widget\" data-e-type=\"widget\" data-widget_type=\"image.default\">\n\t\t\t\t<div class=\"elementor-widget-container\">\n\t\t\t\t\t\t\t\t\t\t\t\t\t\t\t\t<a href=\"https:\/\/naomisalome.com\/en\/multimedia-coaching\/\">\n\t\t\t\t\t\t\t<img decoding=\"async\" width=\"900\" height=\"900\" src=\"https:\/\/naomisalome.com\/wp-content\/uploads\/2025\/04\/multimediales-coaching-1024x1024.png\" class=\"elementor-animation-shrink attachment-large size-large wp-image-4081\" alt=\"\" srcset=\"https:\/\/naomisalome.com\/wp-content\/uploads\/2025\/04\/multimediales-coaching-1024x1024.png 1024w, https:\/\/naomisalome.com\/wp-content\/uploads\/2025\/04\/multimediales-coaching-300x300.png 300w, https:\/\/naomisalome.com\/wp-content\/uploads\/2025\/04\/multimediales-coaching-150x150.png 150w, https:\/\/naomisalome.com\/wp-content\/uploads\/2025\/04\/multimediales-coaching-768x768.png 768w, https:\/\/naomisalome.com\/wp-content\/uploads\/2025\/04\/multimediales-coaching.png 1080w\" sizes=\"(max-width: 900px) 100vw, 900px\" \/>\t\t\t\t\t\t\t\t<\/a>\n\t\t\t\t\t\t\t\t\t\t\t\t\t\t\t<\/div>\n\t\t\t\t<\/div>\n\t\t\t\t\t<\/div>\n\t\t<\/div>\n\t\t\t\t\t<\/div>\n\t\t<\/section>\n\t\t\t\t<section class=\"elementor-section elementor-top-section elementor-element elementor-element-3558c4c elementor-section-boxed elementor-section-height-default elementor-section-height-default\" data-id=\"3558c4c\" data-element_type=\"section\" data-e-type=\"section\">\n\t\t\t\t\t\t<div class=\"elementor-container elementor-column-gap-default\">\n\t\t\t\t\t<div class=\"elementor-column elementor-col-100 elementor-top-column elementor-element elementor-element-a7b14fe\" data-id=\"a7b14fe\" data-element_type=\"column\" data-e-type=\"column\">\n\t\t\t<div class=\"elementor-widget-wrap elementor-element-populated\">\n\t\t\t\t\t\t<div class=\"elementor-element elementor-element-8a6049d elementor-widget elementor-widget-spacer\" data-id=\"8a6049d\" data-element_type=\"widget\" data-e-type=\"widget\" data-widget_type=\"spacer.default\">\n\t\t\t\t<div class=\"elementor-widget-container\">\n\t\t\t\t\t\t\t<div class=\"elementor-spacer\">\n\t\t\t<div class=\"elementor-spacer-inner\"><\/div>\n\t\t<\/div>\n\t\t\t\t\t\t<\/div>\n\t\t\t\t<\/div>\n\t\t\t\t\t<\/div>\n\t\t<\/div>\n\t\t\t\t\t<\/div>\n\t\t<\/section>\n\t\t\t\t<\/div>","protected":false},"excerpt":{"rendered":"<p>Ganzheitliche Beratung W\u00e4hle die Form der Beratung. Melde dich, falls du daf\u00fcr Hilfe brauchst.<\/p>","protected":false},"author":1,"featured_media":0,"parent":0,"menu_order":0,"comment_status":"closed","ping_status":"closed","template":"","meta":{"footnotes":""},"class_list":{"0":"post-4062","1":"page","2":"type-page","3":"status-publish","4":"hentry","5":"","6":"blog-alt-layout","7":"blog-style-postblock","9":"blog-alt-odd"},"yoast_head":"<!-- This site is optimized with the Yoast SEO plugin v27.3 - https:\/\/yoast.com\/product\/yoast-seo-wordpress\/ -->\n<title>Beratung - Naomi Salom\u00e9<\/title>\n<meta name=\"robots\" content=\"index, follow, max-snippet:-1, max-image-preview:large, max-video-preview:-1\" \/>\n<link rel=\"canonical\" href=\"https:\/\/naomisalome.com\/en\/beratung\/\" \/>\n<meta property=\"og:locale\" content=\"en_GB\" \/>\n<meta property=\"og:type\" content=\"article\" \/>\n<meta property=\"og:title\" content=\"Beratung - Naomi Salom\u00e9\" \/>\n<meta property=\"og:description\" content=\"Ganzheitliche Beratung W\u00e4hle die Form der Beratung. Melde dich, falls du daf\u00fcr Hilfe brauchst.\" \/>\n<meta property=\"og:url\" content=\"https:\/\/naomisalome.com\/en\/beratung\/\" \/>\n<meta property=\"og:site_name\" content=\"Naomi Salom\u00e9\" \/>\n<meta property=\"article:modified_time\" content=\"2026-01-13T23:34:18+00:00\" \/>\n<meta property=\"og:image\" content=\"https:\/\/naomisalome.com\/wp-content\/uploads\/2026\/01\/naomisalome-frames-.png\" \/>\n\t<meta property=\"og:image:width\" content=\"1080\" \/>\n\t<meta property=\"og:image:height\" content=\"1080\" \/>\n\t<meta property=\"og:image:type\" content=\"image\/png\" \/>\n<meta name=\"twitter:card\" content=\"summary_large_image\" \/>\n<meta name=\"twitter:label1\" content=\"Estimated reading time\" \/>\n\t<meta name=\"twitter:data1\" content=\"1 minute\" \/>\n<script type=\"application\/ld+json\" class=\"yoast-schema-graph\">{\"@context\":\"https:\\\/\\\/schema.org\",\"@graph\":[{\"@type\":\"WebPage\",\"@id\":\"https:\\\/\\\/naomisalome.com\\\/beratung\\\/\",\"url\":\"https:\\\/\\\/naomisalome.com\\\/beratung\\\/\",\"name\":\"Beratung - Naomi Salom\u00e9\",\"isPartOf\":{\"@id\":\"https:\\\/\\\/naomisalome.com\\\/#website\"},\"primaryImageOfPage\":{\"@id\":\"https:\\\/\\\/naomisalome.com\\\/beratung\\\/#primaryimage\"},\"image\":{\"@id\":\"https:\\\/\\\/naomisalome.com\\\/beratung\\\/#primaryimage\"},\"thumbnailUrl\":\"https:\\\/\\\/naomisalome.com\\\/wp-content\\\/uploads\\\/2026\\\/01\\\/naomisalome-frames--1024x1024.png\",\"datePublished\":\"2025-04-03T05:38:42+00:00\",\"dateModified\":\"2026-01-13T23:34:18+00:00\",\"breadcrumb\":{\"@id\":\"https:\\\/\\\/naomisalome.com\\\/beratung\\\/#breadcrumb\"},\"inLanguage\":\"en-GB\",\"potentialAction\":[{\"@type\":\"ReadAction\",\"target\":[\"https:\\\/\\\/naomisalome.com\\\/beratung\\\/\"]}]},{\"@type\":\"ImageObject\",\"inLanguage\":\"en-GB\",\"@id\":\"https:\\\/\\\/naomisalome.com\\\/beratung\\\/#primaryimage\",\"url\":\"https:\\\/\\\/naomisalome.com\\\/wp-content\\\/uploads\\\/2026\\\/01\\\/naomisalome-frames--1024x1024.png\",\"contentUrl\":\"https:\\\/\\\/naomisalome.com\\\/wp-content\\\/uploads\\\/2026\\\/01\\\/naomisalome-frames--1024x1024.png\"},{\"@type\":\"BreadcrumbList\",\"@id\":\"https:\\\/\\\/naomisalome.com\\\/beratung\\\/#breadcrumb\",\"itemListElement\":[{\"@type\":\"ListItem\",\"position\":1,\"name\":\"Startseite\",\"item\":\"https:\\\/\\\/naomisalome.com\\\/\"},{\"@type\":\"ListItem\",\"position\":2,\"name\":\"Beratung\"}]},{\"@type\":\"WebSite\",\"@id\":\"https:\\\/\\\/naomisalome.com\\\/#website\",\"url\":\"https:\\\/\\\/naomisalome.com\\\/\",\"name\":\"Naomi Salom\u00e9\",\"description\":\"Begleitung\",\"publisher\":{\"@id\":\"https:\\\/\\\/naomisalome.com\\\/#organization\"},\"potentialAction\":[{\"@type\":\"SearchAction\",\"target\":{\"@type\":\"EntryPoint\",\"urlTemplate\":\"https:\\\/\\\/naomisalome.com\\\/?s={search_term_string}\"},\"query-input\":{\"@type\":\"PropertyValueSpecification\",\"valueRequired\":true,\"valueName\":\"search_term_string\"}}],\"inLanguage\":\"en-GB\"},{\"@type\":\"Organization\",\"@id\":\"https:\\\/\\\/naomisalome.com\\\/#organization\",\"name\":\"Naomi Salom\u00e9\",\"url\":\"https:\\\/\\\/naomisalome.com\\\/\",\"logo\":{\"@type\":\"ImageObject\",\"inLanguage\":\"en-GB\",\"@id\":\"https:\\\/\\\/naomisalome.com\\\/#\\\/schema\\\/logo\\\/image\\\/\",\"url\":\"https:\\\/\\\/naomisalome.com\\\/wp-content\\\/uploads\\\/2025\\\/03\\\/cropped-cropped-cropped-Naomi-Salome.png\",\"contentUrl\":\"https:\\\/\\\/naomisalome.com\\\/wp-content\\\/uploads\\\/2025\\\/03\\\/cropped-cropped-cropped-Naomi-Salome.png\",\"width\":268,\"height\":271,\"caption\":\"Naomi Salom\u00e9\"},\"image\":{\"@id\":\"https:\\\/\\\/naomisalome.com\\\/#\\\/schema\\\/logo\\\/image\\\/\"}}]}<\/script>\n<!-- \/ Yoast SEO plugin. -->","yoast_head_json":{"title":"Beratung - Naomi Salom\u00e9","robots":{"index":"index","follow":"follow","max-snippet":"max-snippet:-1","max-image-preview":"max-image-preview:large","max-video-preview":"max-video-preview:-1"},"canonical":"https:\/\/naomisalome.com\/en\/beratung\/","og_locale":"en_GB","og_type":"article","og_title":"Beratung - Naomi Salom\u00e9","og_description":"Ganzheitliche Beratung W\u00e4hle die Form der Beratung. Melde dich, falls du daf\u00fcr Hilfe brauchst.","og_url":"https:\/\/naomisalome.com\/en\/beratung\/","og_site_name":"Naomi Salom\u00e9","article_modified_time":"2026-01-13T23:34:18+00:00","og_image":[{"width":1080,"height":1080,"url":"https:\/\/naomisalome.com\/wp-content\/uploads\/2026\/01\/naomisalome-frames-.png","type":"image\/png"}],"twitter_card":"summary_large_image","twitter_misc":{"Estimated reading time":"1 minute"},"schema":{"@context":"https:\/\/schema.org","@graph":[{"@type":"WebPage","@id":"https:\/\/naomisalome.com\/beratung\/","url":"https:\/\/naomisalome.com\/beratung\/","name":"Beratung - Naomi Salom\u00e9","isPartOf":{"@id":"https:\/\/naomisalome.com\/#website"},"primaryImageOfPage":{"@id":"https:\/\/naomisalome.com\/beratung\/#primaryimage"},"image":{"@id":"https:\/\/naomisalome.com\/beratung\/#primaryimage"},"thumbnailUrl":"https:\/\/naomisalome.com\/wp-content\/uploads\/2026\/01\/naomisalome-frames--1024x1024.png","datePublished":"2025-04-03T05:38:42+00:00","dateModified":"2026-01-13T23:34:18+00:00","breadcrumb":{"@id":"https:\/\/naomisalome.com\/beratung\/#breadcrumb"},"inLanguage":"en-GB","potentialAction":[{"@type":"ReadAction","target":["https:\/\/naomisalome.com\/beratung\/"]}]},{"@type":"ImageObject","inLanguage":"en-GB","@id":"https:\/\/naomisalome.com\/beratung\/#primaryimage","url":"https:\/\/naomisalome.com\/wp-content\/uploads\/2026\/01\/naomisalome-frames--1024x1024.png","contentUrl":"https:\/\/naomisalome.com\/wp-content\/uploads\/2026\/01\/naomisalome-frames--1024x1024.png"},{"@type":"BreadcrumbList","@id":"https:\/\/naomisalome.com\/beratung\/#breadcrumb","itemListElement":[{"@type":"ListItem","position":1,"name":"Startseite","item":"https:\/\/naomisalome.com\/"},{"@type":"ListItem","position":2,"name":"Beratung"}]},{"@type":"WebSite","@id":"https:\/\/naomisalome.com\/#website","url":"https:\/\/naomisalome.com\/","name":"Naomi Salom\u00e9","description":"Begleitung","publisher":{"@id":"https:\/\/naomisalome.com\/#organization"},"potentialAction":[{"@type":"SearchAction","target":{"@type":"EntryPoint","urlTemplate":"https:\/\/naomisalome.com\/?s={search_term_string}"},"query-input":{"@type":"PropertyValueSpecification","valueRequired":true,"valueName":"search_term_string"}}],"inLanguage":"en-GB"},{"@type":"Organization","@id":"https:\/\/naomisalome.com\/#organization","name":"Naomi Salom\u00e9","url":"https:\/\/naomisalome.com\/","logo":{"@type":"ImageObject","inLanguage":"en-GB","@id":"https:\/\/naomisalome.com\/#\/schema\/logo\/image\/","url":"https:\/\/naomisalome.com\/wp-content\/uploads\/2025\/03\/cropped-cropped-cropped-Naomi-Salome.png","contentUrl":"https:\/\/naomisalome.com\/wp-content\/uploads\/2025\/03\/cropped-cropped-cropped-Naomi-Salome.png","width":268,"height":271,"caption":"Naomi Salom\u00e9"},"image":{"@id":"https:\/\/naomisalome.com\/#\/schema\/logo\/image\/"}}]}},"_links":{"self":[{"href":"https:\/\/naomisalome.com\/en\/wp-json\/wp\/v2\/pages\/4062","targetHints":{"allow":["GET"]}}],"collection":[{"href":"https:\/\/naomisalome.com\/en\/wp-json\/wp\/v2\/pages"}],"about":[{"href":"https:\/\/naomisalome.com\/en\/wp-json\/wp\/v2\/types\/page"}],"author":[{"embeddable":true,"href":"https:\/\/naomisalome.com\/en\/wp-json\/wp\/v2\/users\/1"}],"replies":[{"embeddable":true,"href":"https:\/\/naomisalome.com\/en\/wp-json\/wp\/v2\/comments?post=4062"}],"version-history":[{"count":7,"href":"https:\/\/naomisalome.com\/en\/wp-json\/wp\/v2\/pages\/4062\/revisions"}],"predecessor-version":[{"id":4494,"href":"https:\/\/naomisalome.com\/en\/wp-json\/wp\/v2\/pages\/4062\/revisions\/4494"}],"wp:attachment":[{"href":"https:\/\/naomisalome.com\/en\/wp-json\/wp\/v2\/media?parent=4062"}],"curies":[{"name":"wp","href":"https:\/\/api.w.org\/{rel}","templated":true}]}}